{"id":752,"date":"2022-02-10T23:48:40","date_gmt":"2022-02-10T23:48:40","guid":{"rendered":"https:\/\/afros.ca\/?page_id=752"},"modified":"2022-02-10T23:48:40","modified_gmt":"2022-02-10T23:48:40","slug":"50-2","status":"publish","type":"page","link":"https:\/\/www.afrs.ca\/index.php\/nos-services\/50-2\/","title":{"rendered":"50+"},"content":{"rendered":"<p>Gr\u00e2ce \u00e0 notre partenariat avec l&#8217;Assembl\u00e9e Francophone des Retrait\u00e9(e)s et A\u00een\u00e9(e)s de la Colombie-Britannique (AFRACB) et aux miracle de la technologie moderne, nous avons le plaisir de vous partager ce calendrier d&#8217;activit\u00e9s en virtuel pour les 50+:<\/p>\n<p><a href=\"https:\/\/connectaines.ca\/index.php\/colombie-britannique\">https:\/\/connectaines.ca\/index.php\/colombie-britannique<\/a><\/p>\n","protected":false},"excerpt":{"rendered":"<p>Gr\u00e2ce \u00e0 notre partenariat avec l&#8217;Assembl\u00e9e Francophone des Retrait\u00e9(e)s et A\u00een\u00e9(e)s de la Colombie-Britannique (AFRACB) et aux miracle de la technologie moderne, nous avons le plaisir de vous partager ce calendrier d&#8217;activit\u00e9s en virtuel pour les 50+: https:\/\/connectaines.ca\/index.php\/colombie-britannique<\/p>\n","protected":false},"author":2,"featured_media":0,"parent":19,"menu_order":0,"comment_status":"closed","ping_status":"closed","template":"","meta":{"footnotes":""},"class_list":["post-752","page","type-page","status-publish","hentry","latest_post"],"_links":{"self":[{"href":"https:\/\/www.afrs.ca\/index.php\/wp-json\/wp\/v2\/pages\/752","targetHints":{"allow":["GET"]}}],"collection":[{"href":"https:\/\/www.afrs.ca\/index.php\/wp-json\/wp\/v2\/pages"}],"about":[{"href":"https:\/\/www.afrs.ca\/index.php\/wp-json\/wp\/v2\/types\/page"}],"author":[{"embeddable":true,"href":"https:\/\/www.afrs.ca\/index.php\/wp-json\/wp\/v2\/users\/2"}],"replies":[{"embeddable":true,"href":"https:\/\/www.afrs.ca\/index.php\/wp-json\/wp\/v2\/comments?post=752"}],"version-history":[{"count":3,"href":"https:\/\/www.afrs.ca\/index.php\/wp-json\/wp\/v2\/pages\/752\/revisions"}],"predecessor-version":[{"id":755,"href":"https:\/\/www.afrs.ca\/index.php\/wp-json\/wp\/v2\/pages\/752\/revisions\/755"}],"up":[{"embeddable":true,"href":"https:\/\/www.afrs.ca\/index.php\/wp-json\/wp\/v2\/pages\/19"}],"wp:attachment":[{"href":"https:\/\/www.afrs.ca\/index.php\/wp-json\/wp\/v2\/media?parent=752"}],"curies":[{"name":"wp","href":"https:\/\/api.w.org\/{rel}","templated":true}]}}