{"id":567,"date":"2021-05-20T18:05:03","date_gmt":"2021-05-20T18:05:03","guid":{"rendered":"https:\/\/afros.ca\/?page_id=567"},"modified":"2023-09-19T16:42:53","modified_gmt":"2023-09-19T16:42:53","slug":"notre-histoire-et-infos-generales","status":"publish","type":"page","link":"https:\/\/www.afrs.ca\/index.php\/notre-histoire-et-infos-generales\/","title":{"rendered":"Notre histoire et Infos g\u00e9n\u00e9rales"},"content":{"rendered":"<p><strong>NOTRE HISTOIRE<\/strong><\/p>\n<p>Notre association promeut l&#8217;\u00e9ducation et la culture francophone dans notre r\u00e9gion: les rocheuses du sud.<\/p>\n<p>\u00c9tablie en 2012 \u00e0 Fernie par des parents cherchant l&#8217;ouverture d&#8217;une \u00e9cole francophone, L&#8217;AFRoS a vite ajout\u00e9 des activit\u00e9s EDUCATIVES en cr\u00e9ant nos programmes jeunesses \u201cLES TIGUIDOUS\u201d, puis le \u201cCLUB BAGUETTE\u201d. L\u2019ann\u00e9e derni\u00e8re , suite a une \u00e9tude et un questionnaire mis en place, nous avons cr\u00e9\u00e9 un nouveau programme pour les adultes, afin de servir mieux les demandes de notre communaut\u00e9.<\/p>\n<p>D\u2019autre part, nous faisons \u00e9galement une liaison entre les activit\u00e9s francophones locales et provinciales.<\/p>\n<p>Le plus important est de savoir que nous repr\u00e9sentons les francophiles tout autant que les francophones!<\/p>\n<p><strong>INFORMATION G\u00c9N\u00c9RALE POUR 2023-2024<\/strong><\/p>\n<p>Devenez membre! Vous n&#8217;avez qu&#8217;\u00e0 remplir le formulaire (<a href=\"https:\/\/docs.google.com\/document\/d\/1f3EdXK_tf7ZDbLflSf-ekMlCtrs3EiV-V0B2I7S5mK8\/edit?usp=sharing\">en cliquant ici<\/a>) et l&#8217;envoyer \u00e0 francofernie@gmail.com<\/p>\n","protected":false},"excerpt":{"rendered":"<p>NOTRE HISTOIRE Notre association promeut l&#8217;\u00e9ducation et la culture francophone dans notre r\u00e9gion: les rocheuses du sud. \u00c9tablie en 2012 \u00e0 Fernie par des parents cherchant l&#8217;ouverture d&#8217;une \u00e9cole francophone, L&#8217;AFRoS a vite ajout\u00e9 des activit\u00e9s EDUCATIVES en cr\u00e9ant nos programmes jeunesses \u201cLES TIGUIDOUS\u201d, puis &hellip; <\/p>\n","protected":false},"author":2,"featured_media":0,"parent":0,"menu_order":0,"comment_status":"closed","ping_status":"closed","template":"","meta":{"footnotes":""},"class_list":["post-567","page","type-page","status-publish","hentry","latest_post"],"_links":{"self":[{"href":"https:\/\/www.afrs.ca\/index.php\/wp-json\/wp\/v2\/pages\/567","targetHints":{"allow":["GET"]}}],"collection":[{"href":"https:\/\/www.afrs.ca\/index.php\/wp-json\/wp\/v2\/pages"}],"about":[{"href":"https:\/\/www.afrs.ca\/index.php\/wp-json\/wp\/v2\/types\/page"}],"author":[{"embeddable":true,"href":"https:\/\/www.afrs.ca\/index.php\/wp-json\/wp\/v2\/users\/2"}],"replies":[{"embeddable":true,"href":"https:\/\/www.afrs.ca\/index.php\/wp-json\/wp\/v2\/comments?post=567"}],"version-history":[{"count":7,"href":"https:\/\/www.afrs.ca\/index.php\/wp-json\/wp\/v2\/pages\/567\/revisions"}],"predecessor-version":[{"id":840,"href":"https:\/\/www.afrs.ca\/index.php\/wp-json\/wp\/v2\/pages\/567\/revisions\/840"}],"wp:attachment":[{"href":"https:\/\/www.afrs.ca\/index.php\/wp-json\/wp\/v2\/media?parent=567"}],"curies":[{"name":"wp","href":"https:\/\/api.w.org\/{rel}","templated":true}]}}