{"id":547,"date":"2021-05-20T17:31:40","date_gmt":"2021-05-20T17:31:40","guid":{"rendered":"https:\/\/afros.ca\/?page_id=547"},"modified":"2021-05-20T17:31:40","modified_gmt":"2021-05-20T17:31:40","slug":"notre-mandat","status":"publish","type":"page","link":"https:\/\/www.afrs.ca\/index.php\/notre-mandat\/","title":{"rendered":"Notre mandat"},"content":{"rendered":"<ul>\n<li><strong>Promouvoir la langue et la culture fran\u00e7aise<\/strong> dans les Rocheuses du Sud, principalement dans la ville de Fernie et sur un territoire allant de Golden \u00e0 Elkford, en passant par Invermere, Cranbrook et Sparwood,<\/li>\n<li><strong>Regrouper et repr\u00e9senter les francophones et les francophiles<\/strong> en organisant et\/ou en prenant part \u00e0 des activit\u00e9s \u00e9ducatives, culturelles et sociales pour tous les groupes d\u2019\u00e2ge,<\/li>\n<li><strong>Promouvoir et soutenir l\u2019\u00e9ducation francophone<\/strong> en collaborant avec les \u00e9coles francophones et les programmes d\u2019immersion fran\u00e7aise,<\/li>\n<li><strong>Coop\u00e9rer et \u00e9changer avec toute autre association<\/strong> sans but lucratif ou autres organisations <strong>ayant des objectifs communs avec l\u2019AFRoS<\/strong>.<\/li>\n<\/ul>\n","protected":false},"excerpt":{"rendered":"<p>Promouvoir la langue et la culture fran\u00e7aise dans les Rocheuses du Sud, principalement dans la ville de Fernie et sur un territoire allant de Golden \u00e0 Elkford, en passant par Invermere, Cranbrook et Sparwood, Regrouper et repr\u00e9senter les francophones et les francophiles en organisant et\/ou &hellip; <\/p>\n","protected":false},"author":2,"featured_media":0,"parent":0,"menu_order":0,"comment_status":"closed","ping_status":"closed","template":"","meta":{"footnotes":""},"class_list":["post-547","page","type-page","status-publish","hentry","latest_post"],"_links":{"self":[{"href":"https:\/\/www.afrs.ca\/index.php\/wp-json\/wp\/v2\/pages\/547","targetHints":{"allow":["GET"]}}],"collection":[{"href":"https:\/\/www.afrs.ca\/index.php\/wp-json\/wp\/v2\/pages"}],"about":[{"href":"https:\/\/www.afrs.ca\/index.php\/wp-json\/wp\/v2\/types\/page"}],"author":[{"embeddable":true,"href":"https:\/\/www.afrs.ca\/index.php\/wp-json\/wp\/v2\/users\/2"}],"replies":[{"embeddable":true,"href":"https:\/\/www.afrs.ca\/index.php\/wp-json\/wp\/v2\/comments?post=547"}],"version-history":[{"count":1,"href":"https:\/\/www.afrs.ca\/index.php\/wp-json\/wp\/v2\/pages\/547\/revisions"}],"predecessor-version":[{"id":548,"href":"https:\/\/www.afrs.ca\/index.php\/wp-json\/wp\/v2\/pages\/547\/revisions\/548"}],"wp:attachment":[{"href":"https:\/\/www.afrs.ca\/index.php\/wp-json\/wp\/v2\/media?parent=547"}],"curies":[{"name":"wp","href":"https:\/\/api.w.org\/{rel}","templated":true}]}}