{"id":27,"date":"2019-11-28T01:17:13","date_gmt":"2019-11-28T01:17:13","guid":{"rendered":"http:\/\/afros.ca\/?page_id=27"},"modified":"2025-01-24T04:02:12","modified_gmt":"2025-01-24T04:02:12","slug":"infos-pratiques","status":"publish","type":"page","link":"https:\/\/www.afrs.ca\/index.php\/infos-pratiques\/","title":{"rendered":"INFOS PRATIQUES"},"content":{"rendered":"\r\n<p>Nous travaillons pour \u00e9tablir une liste de tous les services francophones \u00e9tablis sur Fernie, puis sur Cranbrook, Sparwood, Invermere et Golden.<\/p>\r\n<p>Si vous \u00eates un service francophone, vous pouvez nous envoyer un email a : info@afrs.ca<\/p>\r\n<p>et nous donner plus de d\u00e9tails sur vos services, o\u00f9 et comment vous contacter.<\/p>\r\n<p>Nous vous remercions d&#8217;avance de votre collaboration pour aider notre communaut\u00e9 francophone.<\/p>\r\n<p>Prochainement nous vous pr\u00e9senterons les portraits de diff\u00e9rents francophones de notre r\u00e9gion.<\/p>\r\n<p>Vous aurez aussi acc\u00e8s \u00e0 toutes nos infolettres.<\/p>\r\n<p>&nbsp;<\/p>\r\n\r\n\r\n\r\n<p>&nbsp;<\/p>\r\n","protected":false},"excerpt":{"rendered":"<p>Nous travaillons pour \u00e9tablir une liste de tous les services francophones \u00e9tablis sur Fernie, puis sur Cranbrook, Sparwood, Invermere et Golden. Si vous \u00eates un service francophone, vous pouvez nous envoyer un email a : info@afrs.ca et nous donner plus de d\u00e9tails sur vos services, &hellip; <\/p>\n","protected":false},"author":2,"featured_media":0,"parent":0,"menu_order":0,"comment_status":"closed","ping_status":"closed","template":"","meta":{"footnotes":""},"class_list":["post-27","page","type-page","status-publish","hentry","latest_post"],"_links":{"self":[{"href":"https:\/\/www.afrs.ca\/index.php\/wp-json\/wp\/v2\/pages\/27","targetHints":{"allow":["GET"]}}],"collection":[{"href":"https:\/\/www.afrs.ca\/index.php\/wp-json\/wp\/v2\/pages"}],"about":[{"href":"https:\/\/www.afrs.ca\/index.php\/wp-json\/wp\/v2\/types\/page"}],"author":[{"embeddable":true,"href":"https:\/\/www.afrs.ca\/index.php\/wp-json\/wp\/v2\/users\/2"}],"replies":[{"embeddable":true,"href":"https:\/\/www.afrs.ca\/index.php\/wp-json\/wp\/v2\/comments?post=27"}],"version-history":[{"count":6,"href":"https:\/\/www.afrs.ca\/index.php\/wp-json\/wp\/v2\/pages\/27\/revisions"}],"predecessor-version":[{"id":870,"href":"https:\/\/www.afrs.ca\/index.php\/wp-json\/wp\/v2\/pages\/27\/revisions\/870"}],"wp:attachment":[{"href":"https:\/\/www.afrs.ca\/index.php\/wp-json\/wp\/v2\/media?parent=27"}],"curies":[{"name":"wp","href":"https:\/\/api.w.org\/{rel}","templated":true}]}}