{"id":23,"date":"2019-11-28T20:32:14","date_gmt":"2019-11-28T20:32:14","guid":{"rendered":"http:\/\/afros.ca\/?page_id=23"},"modified":"2025-01-24T03:59:31","modified_gmt":"2025-01-24T03:59:31","slug":"simpliquer-dans-lafros","status":"publish","type":"page","link":"https:\/\/www.afrs.ca\/index.php\/simpliquer-dans-lafros\/","title":{"rendered":"S&#8217;IMPLIQUER AVEC L&#8217;AFRoS"},"content":{"rendered":"\r\n<h2><strong>Devenir Membre<\/strong><\/h2>\r\n<p><a href=\"https:\/\/forms.gle\/jvLZjo9bfp8dSSb58\"><strong>FORMULAIRE D\u2019INSCRIPTION MEMBRES <\/strong><\/a><strong>2025-2026<\/strong><\/p>\r\n<h2><span style=\"font-size: 16px;\">En devenant membre de notre association, vous aider \u00e0 promouvoir la langue fran\u00e7aise et la culture francophone dans la r\u00e9gion des Rocheuses du Sud. Vous devenez aussi membre d\u2019une communaut\u00e9 dynamique, vivante, innovatrice, cr\u00e9atrice et en pleine croissance.\u00a0<\/span><\/h2>\r\n<p><strong>B\u00c9N\u00c9FICES ET AVANTAGES<\/strong><\/p>\r\n<p>Sur pr\u00e9sentation de votre carte personnelle de membre , vous b\u00e9n\u00e9ficiez de\u00a0<\/p>\r\n<ul>\r\n<li>ACC\u00c8S AUX PROGRAMMES \u00c9DUCATIFS GRATUITS\u00a0<\/li>\r\n<li>R\u00c9DUCTION DE 10% AU MAGASIN LE GRAND FROMAGE\u00a0<\/li>\r\n<li>R\u00c9DUCTION DE 20% SUR LA PREMI\u00c8RE SESSION DE COACHING PARENTAL DE FERNIE PARENTING<\/li>\r\n<li>R\u00c9DUCTION DE 15% \u00c0 GEARHUB SPORT SUR LES ACHATS, DE 20% SUR LA LOCATION ET EN HIVER LOCATION GRATUITE DE SKI DE FOND POUR NOS SORTIES LES MARDIS<\/li>\r\n<li>PRIX PR\u00c9F\u00c9RENTIEL POUR NOS \u00c9V\u00c8NEMENTS CULTURELS ET ARTISTIQUES MENSUELS ET SUR NOTRE FRANCOFEST ANNUEL<\/li>\r\n<li>ACC\u00c8S GRATUIT \u00c0 NOTRE BIBLIOTH\u00c8QUE TOURNANTE DE LIVRES ET MAGAZINES EN FRAN\u00c7AIS<\/li>\r\n<li>DROIT DE VOTE \u00c0 L\u2019ASSEMBL\u00c9E G\u00c9N\u00c9RALE ANNUELLE de l\u2019AFRoS.\u00a0<\/li>\r\n<li>RECEPTION DE NOTRE INFO-LETTRE MENSUELLE A VOTRE COURRIEL<\/li>\r\n<\/ul>\r\n<p><strong>Paiement en esp\u00e8ces, ch\u00e8que ou etransfer sur le compte banquaire de l\u2019AFRoS: <a href=\"mailto:info@afrs.ca\">info@afrs.ca<\/a><\/strong><\/p>\r\n<p><strong><em>\u00a0<\/em><\/strong><strong>MERCI POUR VOTRE SOUTIEN! <\/strong><strong><em>THANK YOU FOR YOUR SUPPORT!<\/em><\/strong><\/p>\r\n\r\n\r\n\r\n<h2>\u00a0<\/h2>\r\n<h2>\u00a0<\/h2>\r\n<h2>Devenir B\u00e9n\u00e9vole\u00a0<\/h2>\r\n\r\n\r\n\r\n<p>Vous pouvez devenir b\u00e9n\u00e9voles quand vous le souhaiter pour nous aider sur des \u00e9v\u00e8nements ou pour participer \u00e0 des lev\u00e9es de fonds, Vous participerez \u00e0 d\u00e9velopper et faire grandir notre association francophone pour le bien et le soutien de la communaut\u00e9 francophone et francophile de notre r\u00e9gion. Envoyer nous vos contacts \u00e0 : <a href=\"mailto:info@afrs.ca\">info@afrs.ca<\/a><\/p>\r\n<p>&nbsp;<\/p>\r\n<h2>Devenir membre du CA<\/h2>\r\n\r\n\r\n\r\n<p>Vous souhaitez vous impliquer plus dans le monde de la francophonie? et apporter votre soutien et un peu de votre temps ? Vous avez des connaissance sp\u00e9ciales dans le monde associatif? Alors faites nous signes et vous pourrez devenir l&#8217;un des officiers de notre association!<\/p>\r\n<p><span style=\"text-decoration: underline;\">Postes \u00e0 combler:\u00a0<\/span><\/p>\r\n<ul>\r\n<li>Conseillier\/Conseilliere<\/li>\r\n<\/ul>\r\n<p>&nbsp;<\/p>\r\n","protected":false},"excerpt":{"rendered":"<p>Devenir Membre FORMULAIRE D\u2019INSCRIPTION MEMBRES 2025-2026 En devenant membre de notre association, vous aider \u00e0 promouvoir la langue fran\u00e7aise et la culture francophone dans la r\u00e9gion des Rocheuses du Sud. Vous devenez aussi membre d\u2019une communaut\u00e9 dynamique, vivante, innovatrice, cr\u00e9atrice et en pleine croissance.\u00a0 B\u00c9N\u00c9FICES &hellip; <\/p>\n","protected":false},"author":2,"featured_media":0,"parent":0,"menu_order":0,"comment_status":"closed","ping_status":"closed","template":"","meta":{"footnotes":""},"class_list":["post-23","page","type-page","status-publish","hentry","latest_post"],"_links":{"self":[{"href":"https:\/\/www.afrs.ca\/index.php\/wp-json\/wp\/v2\/pages\/23","targetHints":{"allow":["GET"]}}],"collection":[{"href":"https:\/\/www.afrs.ca\/index.php\/wp-json\/wp\/v2\/pages"}],"about":[{"href":"https:\/\/www.afrs.ca\/index.php\/wp-json\/wp\/v2\/types\/page"}],"author":[{"embeddable":true,"href":"https:\/\/www.afrs.ca\/index.php\/wp-json\/wp\/v2\/users\/2"}],"replies":[{"embeddable":true,"href":"https:\/\/www.afrs.ca\/index.php\/wp-json\/wp\/v2\/comments?post=23"}],"version-history":[{"count":19,"href":"https:\/\/www.afrs.ca\/index.php\/wp-json\/wp\/v2\/pages\/23\/revisions"}],"predecessor-version":[{"id":869,"href":"https:\/\/www.afrs.ca\/index.php\/wp-json\/wp\/v2\/pages\/23\/revisions\/869"}],"wp:attachment":[{"href":"https:\/\/www.afrs.ca\/index.php\/wp-json\/wp\/v2\/media?parent=23"}],"curies":[{"name":"wp","href":"https:\/\/api.w.org\/{rel}","templated":true}]}}