{"id":171,"date":"2020-02-05T19:22:20","date_gmt":"2020-02-05T19:22:20","guid":{"rendered":"http:\/\/afros.ca\/?page_id=171"},"modified":"2021-04-23T18:47:50","modified_gmt":"2021-04-23T18:47:50","slug":"our-partners","status":"publish","type":"page","link":"https:\/\/www.afrs.ca\/index.php\/en\/our-partners\/","title":{"rendered":"OUR PARTNERS"},"content":{"rendered":"<p>The AFRoS would like to thank its partners for helping it provide free educational programs for both children and adults, our monthly cultural and gastronomic events, our games and contest, and our annual music festival the FRANCOFEST.<\/p>\n<h3><em><strong>Community partners:<\/strong><\/em><\/h3>\n<p>AFRoS is<strong> a member<\/strong> of:<\/p>\n<ul>\n<li><strong>The &#8220;F\u00e9d\u00e9ration Francophone de la Colombie Britannique&#8221;<\/strong> (FFCB)<\/li>\n<li><strong>The Chamber of Commerce of Fernie <\/strong><\/li>\n<li><strong>The<\/strong> <strong>francophone organism\u00a0 &#8220;R\u00e9seau -femmes&#8221;<\/strong><\/li>\n<\/ul>\n<p><img decoding=\"async\" class=\"alignnone  wp-image-424\" src=\"http:\/\/afros.ca\/wp-content\/uploads\/2020\/12\/FernieChamber-logo-300x52.png\" alt=\"\" width=\"190\" height=\"33\" srcset=\"https:\/\/www.afrs.ca\/wp-content\/uploads\/2020\/12\/FernieChamber-logo-300x52.png 300w, https:\/\/www.afrs.ca\/wp-content\/uploads\/2020\/12\/FernieChamber-logo-349x60.png 349w, https:\/\/www.afrs.ca\/wp-content\/uploads\/2020\/12\/FernieChamber-logo.png 500w\" sizes=\"(max-width: 190px) 100vw, 190px\" \/> <img decoding=\"async\" class=\"alignnone  wp-image-425\" src=\"http:\/\/afros.ca\/wp-content\/uploads\/2020\/12\/RFCB_NewLogo_horizontal-300x83.png\" alt=\"\" width=\"199\" height=\"55\" srcset=\"https:\/\/www.afrs.ca\/wp-content\/uploads\/2020\/12\/RFCB_NewLogo_horizontal-300x83.png 300w, https:\/\/www.afrs.ca\/wp-content\/uploads\/2020\/12\/RFCB_NewLogo_horizontal-217x60.png 217w, https:\/\/www.afrs.ca\/wp-content\/uploads\/2020\/12\/RFCB_NewLogo_horizontal.png 433w\" sizes=\"(max-width: 199px) 100vw, 199px\" \/>\u00a0 <img decoding=\"async\" class=\"alignnone  wp-image-426\" src=\"http:\/\/afros.ca\/wp-content\/uploads\/2020\/12\/cropped-logo75-FFCB-site-300x97.png\" alt=\"\" width=\"201\" height=\"65\" srcset=\"https:\/\/www.afrs.ca\/wp-content\/uploads\/2020\/12\/cropped-logo75-FFCB-site-300x97.png 300w, https:\/\/www.afrs.ca\/wp-content\/uploads\/2020\/12\/cropped-logo75-FFCB-site-185x60.png 185w, https:\/\/www.afrs.ca\/wp-content\/uploads\/2020\/12\/cropped-logo75-FFCB-site.png 531w\" sizes=\"(max-width: 201px) 100vw, 201px\" \/><\/p>\n<p>&nbsp;<\/p>\n<p>AFRoS<strong> is also collaborating with<\/strong>:<\/p>\n<ul>\n<li>\u00a0the &#8220;<strong>Conseil Jeunesse Francophone de Colombie Britannique&#8221;<\/strong> (CJFCB) and the project <strong>CONNECTE &#8220;par et pour les jeunes&#8221;<\/strong> for youth from 13 to 25 years old.<\/li>\n<li>The Francophone school <strong>Sophie Morigeau<\/strong> and the<strong> Isabela Dicken elementary school<\/strong>, and <strong>Fernie Secondary High School<\/strong> with the\u00a0 french immersion program<\/li>\n<li>the CBAL of Fernie, <strong>Columbia Basin Alliance for Literacy<\/strong><\/li>\n<li>the<strong> Women Resource Center<\/strong> of Fernie.<\/li>\n<li>the<strong> &#8220;Conseil culturel et artistique de Colombie Britannique&#8221; <\/strong>(CCACB)<\/li>\n<li>the<strong> &#8221; Assembl\u00e9e francophone des retrait\u00e9(e)s et ain\u00e9(e)s de la Colombie-Britannique&#8221;<\/strong> (AFRACB)<\/li>\n<li>the<strong>\u00a0 &#8220;F\u00e9d\u00e9ration des Parents Francophones de Colombie Britannique&#8221;\u00a0<\/strong><\/li>\n<\/ul>\n<p><img loading=\"lazy\" decoding=\"async\" class=\"alignnone  wp-image-418\" src=\"http:\/\/afros.ca\/wp-content\/uploads\/2020\/12\/Connecte-1-300x300.jpg\" alt=\"\" width=\"145\" height=\"145\" srcset=\"https:\/\/www.afrs.ca\/wp-content\/uploads\/2020\/12\/Connecte-1-300x300.jpg 300w, https:\/\/www.afrs.ca\/wp-content\/uploads\/2020\/12\/Connecte-1-150x150.jpg 150w, https:\/\/www.afrs.ca\/wp-content\/uploads\/2020\/12\/Connecte-1-60x60.jpg 60w, https:\/\/www.afrs.ca\/wp-content\/uploads\/2020\/12\/Connecte-1.jpg 600w\" sizes=\"(max-width: 145px) 100vw, 145px\" \/> <img loading=\"lazy\" decoding=\"async\" class=\"alignnone size-full wp-image-419\" src=\"http:\/\/afros.ca\/wp-content\/uploads\/2020\/12\/logo_ecole.png\" alt=\"\" width=\"80\" height=\"80\" srcset=\"https:\/\/www.afrs.ca\/wp-content\/uploads\/2020\/12\/logo_ecole.png 80w, https:\/\/www.afrs.ca\/wp-content\/uploads\/2020\/12\/logo_ecole-60x60.png 60w\" sizes=\"(max-width: 80px) 100vw, 80px\" \/>\u00a0 <img loading=\"lazy\" decoding=\"async\" class=\"alignnone size-medium wp-image-420\" src=\"http:\/\/afros.ca\/wp-content\/uploads\/2020\/12\/1467058250-300x38.png\" alt=\"\" width=\"300\" height=\"38\" srcset=\"https:\/\/www.afrs.ca\/wp-content\/uploads\/2020\/12\/1467058250-300x38.png 300w, https:\/\/www.afrs.ca\/wp-content\/uploads\/2020\/12\/1467058250-768x97.png 768w, https:\/\/www.afrs.ca\/wp-content\/uploads\/2020\/12\/1467058250-477x60.png 477w, https:\/\/www.afrs.ca\/wp-content\/uploads\/2020\/12\/1467058250.png 947w\" sizes=\"(max-width: 300px) 100vw, 300px\" \/> <img loading=\"lazy\" decoding=\"async\" class=\"alignnone  wp-image-421\" src=\"http:\/\/afros.ca\/wp-content\/uploads\/2020\/12\/CCAFCB-Logo-Jaune-fond-IMAGE-150x150-1.png\" alt=\"\" width=\"107\" height=\"107\" srcset=\"https:\/\/www.afrs.ca\/wp-content\/uploads\/2020\/12\/CCAFCB-Logo-Jaune-fond-IMAGE-150x150-1.png 150w, https:\/\/www.afrs.ca\/wp-content\/uploads\/2020\/12\/CCAFCB-Logo-Jaune-fond-IMAGE-150x150-1-60x60.png 60w\" sizes=\"(max-width: 107px) 100vw, 107px\" \/> <img loading=\"lazy\" decoding=\"async\" class=\"alignnone  wp-image-422\" src=\"http:\/\/afros.ca\/wp-content\/uploads\/2020\/12\/logoAFRACB-300x142.png\" alt=\"\" width=\"148\" height=\"70\" srcset=\"https:\/\/www.afrs.ca\/wp-content\/uploads\/2020\/12\/logoAFRACB-300x142.png 300w, https:\/\/www.afrs.ca\/wp-content\/uploads\/2020\/12\/logoAFRACB-126x60.png 126w, https:\/\/www.afrs.ca\/wp-content\/uploads\/2020\/12\/logoAFRACB.png 379w\" sizes=\"(max-width: 148px) 100vw, 148px\" \/> <img loading=\"lazy\" decoding=\"async\" class=\"alignnone  wp-image-423\" src=\"http:\/\/afros.ca\/wp-content\/uploads\/2020\/12\/FPFCB-Logo-325-300x104.png\" alt=\"\" width=\"176\" height=\"61\" srcset=\"https:\/\/www.afrs.ca\/wp-content\/uploads\/2020\/12\/FPFCB-Logo-325-300x104.png 300w, https:\/\/www.afrs.ca\/wp-content\/uploads\/2020\/12\/FPFCB-Logo-325-174x60.png 174w, https:\/\/www.afrs.ca\/wp-content\/uploads\/2020\/12\/FPFCB-Logo-325.png 310w\" sizes=\"(max-width: 176px) 100vw, 176px\" \/> <img loading=\"lazy\" decoding=\"async\" class=\"alignnone  wp-image-428\" src=\"http:\/\/afros.ca\/wp-content\/uploads\/2020\/12\/mainbanner-300x71.gif\" alt=\"\" width=\"182\" height=\"43\" srcset=\"https:\/\/www.afrs.ca\/wp-content\/uploads\/2020\/12\/mainbanner-300x71.gif 300w, https:\/\/www.afrs.ca\/wp-content\/uploads\/2020\/12\/mainbanner-768x182.gif 768w, https:\/\/www.afrs.ca\/wp-content\/uploads\/2020\/12\/mainbanner-253x60.gif 253w\" sizes=\"(max-width: 182px) 100vw, 182px\" \/> \u00a0<\/p>\n<p>&nbsp;<\/p>\n<p><strong>AFRoS would like to say a huge thank you for all our local&#8217;s partnerships!!! <\/strong><\/p>\n<p><strong>They offer donations, special discount for the members, gifts for our contest, participation in fundraising, and their support for the annual FRANCOFEST:\u00a0<\/strong> THE Bridge Bistro, THE Snow Valley Lodge, THE Art Station, THE Mugshots, THE Grand Fromage, THE Gear Hub Ski and bike shop, THE Roof Top Coffee and THE bakery LE BON PAIN c&#8217;est la vie<\/p>\n<p><img loading=\"lazy\" decoding=\"async\" class=\"alignnone size-full wp-image-105\" src=\"http:\/\/afros.ca\/wp-content\/uploads\/2019\/12\/Snow-Valley_80.png\" alt=\"\" width=\"263\" height=\"80\" srcset=\"https:\/\/www.afrs.ca\/wp-content\/uploads\/2019\/12\/Snow-Valley_80.png 263w, https:\/\/www.afrs.ca\/wp-content\/uploads\/2019\/12\/Snow-Valley_80-197x60.png 197w\" sizes=\"(max-width: 263px) 100vw, 263px\" \/> \u00a0 \u00a0<img loading=\"lazy\" decoding=\"async\" class=\"alignnone size-full wp-image-101\" src=\"http:\/\/afros.ca\/wp-content\/uploads\/2019\/12\/TheBridge_80.png\" alt=\"\" width=\"150\" height=\"80\" srcset=\"https:\/\/www.afrs.ca\/wp-content\/uploads\/2019\/12\/TheBridge_80.png 150w, https:\/\/www.afrs.ca\/wp-content\/uploads\/2019\/12\/TheBridge_80-113x60.png 113w\" sizes=\"(max-width: 150px) 100vw, 150px\" \/> \u00a0<img loading=\"lazy\" decoding=\"async\" class=\"alignnone size-full wp-image-103\" src=\"http:\/\/afros.ca\/wp-content\/uploads\/2019\/12\/Art_Station_80.png\" alt=\"\" width=\"80\" height=\"80\" srcset=\"https:\/\/www.afrs.ca\/wp-content\/uploads\/2019\/12\/Art_Station_80.png 80w, https:\/\/www.afrs.ca\/wp-content\/uploads\/2019\/12\/Art_Station_80-60x60.png 60w\" sizes=\"(max-width: 80px) 100vw, 80px\" \/> <img loading=\"lazy\" decoding=\"async\" class=\"alignnone  wp-image-282\" src=\"http:\/\/afros.ca\/wp-content\/uploads\/2020\/06\/LGF-logo1-300x271.jpg\" alt=\"\" width=\"139\" height=\"126\" srcset=\"https:\/\/www.afrs.ca\/wp-content\/uploads\/2020\/06\/LGF-logo1-300x271.jpg 300w, https:\/\/www.afrs.ca\/wp-content\/uploads\/2020\/06\/LGF-logo1-768x694.jpg 768w, https:\/\/www.afrs.ca\/wp-content\/uploads\/2020\/06\/LGF-logo1-66x60.jpg 66w, https:\/\/www.afrs.ca\/wp-content\/uploads\/2020\/06\/LGF-logo1.jpg 998w\" sizes=\"(max-width: 139px) 100vw, 139px\" \/><img loading=\"lazy\" decoding=\"async\" class=\"alignnone  wp-image-283\" src=\"http:\/\/afros.ca\/wp-content\/uploads\/2020\/06\/static1.squarespace-237x300.png\" alt=\"\" width=\"90\" height=\"114\" srcset=\"https:\/\/www.afrs.ca\/wp-content\/uploads\/2020\/06\/static1.squarespace-237x300.png 237w, https:\/\/www.afrs.ca\/wp-content\/uploads\/2020\/06\/static1.squarespace-47x60.png 47w, https:\/\/www.afrs.ca\/wp-content\/uploads\/2020\/06\/static1.squarespace.png 411w\" sizes=\"(max-width: 90px) 100vw, 90px\" \/>\u00a0 \u00a0 \u00a0<img loading=\"lazy\" decoding=\"async\" class=\"alignnone  wp-image-417\" src=\"http:\/\/afros.ca\/wp-content\/uploads\/2020\/12\/logo-300x206.png\" alt=\"\" width=\"135\" height=\"93\" srcset=\"https:\/\/www.afrs.ca\/wp-content\/uploads\/2020\/12\/logo-300x206.png 300w, https:\/\/www.afrs.ca\/wp-content\/uploads\/2020\/12\/logo-88x60.png 88w, https:\/\/www.afrs.ca\/wp-content\/uploads\/2020\/12\/logo.png 600w\" sizes=\"(max-width: 135px) 100vw, 135px\" \/><img loading=\"lazy\" decoding=\"async\" class=\"alignnone  wp-image-480\" src=\"http:\/\/afros.ca\/wp-content\/uploads\/2021\/02\/LBP-Logo-white-1-300x300.jpg\" alt=\"\" width=\"112\" height=\"112\" srcset=\"https:\/\/www.afrs.ca\/wp-content\/uploads\/2021\/02\/LBP-Logo-white-1-300x300.jpg 300w, https:\/\/www.afrs.ca\/wp-content\/uploads\/2021\/02\/LBP-Logo-white-1-1024x1024.jpg 1024w, https:\/\/www.afrs.ca\/wp-content\/uploads\/2021\/02\/LBP-Logo-white-1-150x150.jpg 150w, https:\/\/www.afrs.ca\/wp-content\/uploads\/2021\/02\/LBP-Logo-white-1-768x768.jpg 768w, https:\/\/www.afrs.ca\/wp-content\/uploads\/2021\/02\/LBP-Logo-white-1-630x630.jpg 630w, https:\/\/www.afrs.ca\/wp-content\/uploads\/2021\/02\/LBP-Logo-white-1-60x60.jpg 60w, https:\/\/www.afrs.ca\/wp-content\/uploads\/2021\/02\/LBP-Logo-white-1.jpg 1201w\" sizes=\"(max-width: 112px) 100vw, 112px\" \/><\/p>\n<p>&nbsp;<\/p>\n<h3><em><strong>Financial partners:<\/strong><\/em><\/h3>\n<h4><strong>Canadian heritage:<\/strong><strong> thank you for your support to our francophone as<\/strong><strong style=\"font-size: 16px;\">sociation\u00a0<\/strong><\/h4>\n<h3><img loading=\"lazy\" decoding=\"async\" class=\"alignnone wp-image-102 \" style=\"font-size: 16px;\" src=\"http:\/\/afros.ca\/wp-content\/uploads\/2019\/12\/Patrimoine_80.png\" alt=\"\" width=\"369\" height=\"47\" srcset=\"https:\/\/www.afrs.ca\/wp-content\/uploads\/2019\/12\/Patrimoine_80.png 628w, https:\/\/www.afrs.ca\/wp-content\/uploads\/2019\/12\/Patrimoine_80-300x38.png 300w, https:\/\/www.afrs.ca\/wp-content\/uploads\/2019\/12\/Patrimoine_80-471x60.png 471w\" sizes=\"(max-width: 369px) 100vw, 369px\" \/><\/h3>\n<p><strong>Fernie City: thank you for this financial help that makes possible the organization of the annual francophone music festival.<\/strong><\/p>\n<p><img loading=\"lazy\" decoding=\"async\" class=\"alignnone  wp-image-490\" src=\"http:\/\/afros.ca\/wp-content\/uploads\/2021\/04\/download.jpg\" alt=\"\" width=\"97\" height=\"97\" srcset=\"https:\/\/www.afrs.ca\/wp-content\/uploads\/2021\/04\/download.jpg 180w, https:\/\/www.afrs.ca\/wp-content\/uploads\/2021\/04\/download-150x150.jpg 150w, https:\/\/www.afrs.ca\/wp-content\/uploads\/2021\/04\/download-60x60.jpg 60w\" sizes=\"(max-width: 97px) 100vw, 97px\" \/><\/p>\n<p><strong>The Vice Versa program, &#8220;Fonds d&#8217;appui \u00e0 l&#8217;\u00e9cole communautaire citoyenne&#8221;, in collaboration with the students and the teachers of ESM.\u00a0<\/strong> \u00a0<\/p>\n<p>\u00a0 \u00a0 \u00a0 \u00a0 \u00a0 \u00a0 \u00a0 <img loading=\"lazy\" decoding=\"async\" class=\"alignnone  wp-image-427\" src=\"http:\/\/afros.ca\/wp-content\/uploads\/2020\/12\/logo-coul-horiz-300x86.png\" alt=\"\" width=\"150\" height=\"43\" srcset=\"https:\/\/www.afrs.ca\/wp-content\/uploads\/2020\/12\/logo-coul-horiz-300x86.png 300w, https:\/\/www.afrs.ca\/wp-content\/uploads\/2020\/12\/logo-coul-horiz-209x60.png 209w, https:\/\/www.afrs.ca\/wp-content\/uploads\/2020\/12\/logo-coul-horiz.png 522w\" sizes=\"(max-width: 150px) 100vw, 150px\" \/> \u00a0<\/p>\n<p style=\"text-align: center;\"><strong>A HUGE THANK YOU TO ALL OUR PARTNERS FOR YOUR SUPPORT AND COLLABORATION WITH US.<\/strong><\/p>\n<p style=\"text-align: center;\">YOU PARTICIPATE TO PROMOTE THE FRANCOPHONE CULTURE AND LANGUAGE BY REGROUPING OUR VIBRANT FRANCOPHONE AND FRANCOPHILE COMUNITY TROUGH THOSE CULTURAL, SPORTIVES AND SOCIO-EDUCATIVE ACTIVITIES!!<\/p>\n<p><!-- \/wp:post-content --><\/p>\n","protected":false},"excerpt":{"rendered":"<p>The AFRoS would like to thank its partners for helping it provide free educational programs for both children and adults, our monthly cultural and gastronomic events, our games and contest, and our annual music festival the FRANCOFEST. Community partners: AFRoS is a member of: The &hellip; <\/p>\n","protected":false},"author":2,"featured_media":102,"parent":0,"menu_order":0,"comment_status":"closed","ping_status":"closed","template":"","meta":{"footnotes":""},"class_list":["post-171","page","type-page","status-publish","has-post-thumbnail","hentry","latest_post"],"_links":{"self":[{"href":"https:\/\/www.afrs.ca\/index.php\/wp-json\/wp\/v2\/pages\/171","targetHints":{"allow":["GET"]}}],"collection":[{"href":"https:\/\/www.afrs.ca\/index.php\/wp-json\/wp\/v2\/pages"}],"about":[{"href":"https:\/\/www.afrs.ca\/index.php\/wp-json\/wp\/v2\/types\/page"}],"author":[{"embeddable":true,"href":"https:\/\/www.afrs.ca\/index.php\/wp-json\/wp\/v2\/users\/2"}],"replies":[{"embeddable":true,"href":"https:\/\/www.afrs.ca\/index.php\/wp-json\/wp\/v2\/comments?post=171"}],"version-history":[{"count":8,"href":"https:\/\/www.afrs.ca\/index.php\/wp-json\/wp\/v2\/pages\/171\/revisions"}],"predecessor-version":[{"id":492,"href":"https:\/\/www.afrs.ca\/index.php\/wp-json\/wp\/v2\/pages\/171\/revisions\/492"}],"wp:featuredmedia":[{"embeddable":true,"href":"https:\/\/www.afrs.ca\/index.php\/wp-json\/wp\/v2\/media\/102"}],"wp:attachment":[{"href":"https:\/\/www.afrs.ca\/index.php\/wp-json\/wp\/v2\/media?parent=171"}],"curies":[{"name":"wp","href":"https:\/\/api.w.org\/{rel}","templated":true}]}}